{"id":386,"date":"2016-02-25T07:36:39","date_gmt":"2016-02-25T07:36:39","guid":{"rendered":"http:\/\/demo.vegatheme.com\/gocargo\/demo2\/?page_id=386"},"modified":"2025-11-25T19:42:00","modified_gmt":"2025-11-25T23:42:00","slug":"faq","status":"publish","type":"page","link":"https:\/\/cargaltoque.com\/index.php\/about-us\/faq\/","title":{"rendered":"Preguntas Frecuentes"},"content":{"rendered":"<div class=\"wpb-content-wrapper\"><p>[vc_row][vc_column][vc_empty_space height=&#8221;45px&#8221;]\t\n\n\t<div class=\"faq\">\n\t    <span class=\"btn-expand\"><\/span>\n\t    <div class=\"inner\">\n\t        <i class=\"icon-search\"><\/i>\n\t        <h4>\u00bfCu\u00e1ndo y d\u00f3nde se fund\u00f3 Carga al Toque C.A.?<\/h4>\n\t    <\/div>\n\t    <div class=\"hide-content\">\n\t        Carga al Toque C.A. se fund\u00f3 en <b>mayo del a\u00f1o 2024<\/b> en <b>Porlamar, estado Nueva Esparta<\/b>.\t    <\/div>\n\t<\/div>      \n\n\t\n\n\t<div class=\"faq\">\n\t    <span class=\"btn-expand\"><\/span>\n\t    <div class=\"inner\">\n\t        <i class=\"icon-search\"><\/i>\n\t        <h4>\u00bfCu\u00e1l es la Misi\u00f3n principal de la empresa?<\/h4>\n\t    <\/div>\n\t    <div class=\"hide-content\">\n\t        Ser el <b>aliado log\u00edstico de confianza<\/b> para personas y empresas en Venezuela, ofreciendo servicios de transporte de carga con los m\u00e1s altos est\u00e1ndares de <b>seguridad, puntualidad y cuidado<\/b> de los bienes, transformando el traslado en una experiencia fluida.\t    <\/div>\n\t<\/div>      \n\n\t\n\n\t<div class=\"faq\">\n\t    <span class=\"btn-expand\"><\/span>\n\t    <div class=\"inner\">\n\t        <i class=\"icon-search\"><\/i>\n\t        <h4>\u00bfCu\u00e1l es la Visi\u00f3n a largo plazo de Carga al Toque C.A.?<\/h4>\n\t    <\/div>\n\t    <div class=\"hide-content\">\n\t        Consolidarse como la <b>empresa l\u00edder y de referencia<\/b> en el sector de transporte a nivel nacional, reconocida por su <b>excelencia operativa, innovaci\u00f3n tecnol\u00f3gica<\/b> (rastreo y gesti\u00f3n de flota) y la <b>calidad humana<\/b> de su equipo.\t    <\/div>\n\t<\/div>      \n\n\t\n\n\t<div class=\"faq\">\n\t    <span class=\"btn-expand\"><\/span>\n\t    <div class=\"inner\">\n\t        <i class=\"icon-search\"><\/i>\n\t        <h4>\u00bfEn qu\u00e9 \u00e1reas geogr\u00e1ficas opera actualmente la empresa?<\/h4>\n\t    <\/div>\n\t    <div class=\"hide-content\">\n\t        Aunque comenz\u00f3 en Nueva Esparta, la empresa ha expandido r\u00e1pidamente su cobertura, realizando operaciones exitosas hacia el <b>Oriente del pa\u00eds, la regi\u00f3n Occidental y el centro de Venezuela<\/b>.\t    <\/div>\n\t<\/div>      \n\n\t\n\n\t<div class=\"faq\">\n\t    <span class=\"btn-expand\"><\/span>\n\t    <div class=\"inner\">\n\t        <i class=\"icon-search\"><\/i>\n\t        <h4>\u00bfQu\u00e9 medidas de seguridad implementan para el traslado de la carga?<\/h4>\n\t    <\/div>\n\t    <div class=\"hide-content\">\n\t        La seguridad es una prioridad. Invierten en <b>tecnolog\u00eda de rastreo satelital (GPS)<\/b> en todas sus unidades y aplican <b>estrictos protocolos de manejo de carga y embalaje<\/b> para garantizar la integridad de los bienes.\t    <\/div>\n\t<\/div>      \n\n\t\n\n\t<div class=\"faq\">\n\t    <span class=\"btn-expand\"><\/span>\n\t    <div class=\"inner\">\n\t        <i class=\"icon-search\"><\/i>\n\t        <h4>\u00bfQu\u00e9 distingue a Carga al Toque C.A. de otros servicios de transporte?<\/h4>\n\t    <\/div>\n\t    <div class=\"hide-content\">\n\t        Se distinguen por su compromiso inicial de ser un <b>verdadero aliado log\u00edstico<\/b>, combinando <b>velocidad con el m\u00e1ximo cuidado<\/b> de los bienes, y su <b>adaptabilidad<\/b> para ofrecer soluciones flexibles ante los desaf\u00edos log\u00edsticos \u00fanicos del entorno venezolano.\t    <\/div>\n\t<\/div>      \n\n\t\n\n\t<div class=\"faq\">\n\t    <span class=\"btn-expand\"><\/span>\n\t    <div class=\"inner\">\n\t        <i class=\"icon-search\"><\/i>\n\t        <h4>\u00bfQu\u00e9 tipo de equipo humano conforma la empresa?<\/h4>\n\t    <\/div>\n\t    <div class=\"hide-content\">\n\t        Cuentan con un equipo de conductores, personal log\u00edstico y de atenci\u00f3n al cliente seleccionado y entrenado bajo los valores de <b>responsabilidad, profesionalismo y cercan\u00eda<\/b>.\t    <\/div>\n\t<\/div>      \n\n\t\n\n\t<div class=\"faq\">\n\t    <span class=\"btn-expand\"><\/span>\n\t    <div class=\"inner\">\n\t        <i class=\"icon-search\"><\/i>\n\t        <h4>\u00bfCu\u00e1les son los planes a futuro de Carga al Toque C.A.?<\/h4>\n\t    <\/div>\n\t    <div class=\"hide-content\">\n\t        La empresa reafirma su visi\u00f3n de liderazgo, por lo que seguir\u00e1 invirtiendo en <b>expansi\u00f3n de flota, capacitaci\u00f3n<\/b> del personal e <b>innovaci\u00f3n tecnol\u00f3gica<\/b> para mantener la eficiencia y confiabilidad de su servicio.\t    <\/div>\n\t<\/div>      \n\n[\/vc_column][\/vc_row]<\/p>\n<\/div>","protected":false},"excerpt":{"rendered":"<p>[vc_row][vc_column][vc_empty_space height=&#8221;45px&#8221;][\/vc_column][\/vc_row]<\/p>\n","protected":false},"author":1,"featured_media":0,"parent":668,"menu_order":0,"comment_status":"closed","ping_status":"closed","template":"page-templates\/template-fullwidth.php","meta":{"footnotes":""},"class_list":["post-386","page","type-page","status-publish","hentry"],"_links":{"self":[{"href":"https:\/\/cargaltoque.com\/index.php\/wp-json\/wp\/v2\/pages\/386","targetHints":{"allow":["GET"]}}],"collection":[{"href":"https:\/\/cargaltoque.com\/index.php\/wp-json\/wp\/v2\/pages"}],"about":[{"href":"https:\/\/cargaltoque.com\/index.php\/wp-json\/wp\/v2\/types\/page"}],"author":[{"embeddable":true,"href":"https:\/\/cargaltoque.com\/index.php\/wp-json\/wp\/v2\/users\/1"}],"replies":[{"embeddable":true,"href":"https:\/\/cargaltoque.com\/index.php\/wp-json\/wp\/v2\/comments?post=386"}],"version-history":[{"count":6,"href":"https:\/\/cargaltoque.com\/index.php\/wp-json\/wp\/v2\/pages\/386\/revisions"}],"predecessor-version":[{"id":765,"href":"https:\/\/cargaltoque.com\/index.php\/wp-json\/wp\/v2\/pages\/386\/revisions\/765"}],"up":[{"embeddable":true,"href":"https:\/\/cargaltoque.com\/index.php\/wp-json\/wp\/v2\/pages\/668"}],"wp:attachment":[{"href":"https:\/\/cargaltoque.com\/index.php\/wp-json\/wp\/v2\/media?parent=386"}],"curies":[{"name":"wp","href":"https:\/\/api.w.org\/{rel}","templated":true}]}}